{"id":177,"date":"2020-05-20T15:13:22","date_gmt":"2020-05-20T13:13:22","guid":{"rendered":"https:\/\/blog.byhours.com\/?page_id=177"},"modified":"2020-08-03T16:48:14","modified_gmt":"2020-08-03T14:48:14","slug":"byhours-team","status":"publish","type":"page","link":"https:\/\/blog.byhours.com\/es\/byhours-team\/","title":{"rendered":"BYHOURS Team"},"content":{"rendered":"\n<p style=\"font-size:25px;line-height:1.32\" class=\"has-text-align-center has-custom-lineheight\"><em>El <a href=\"https:\/\/www.byhours.com\/conocenos.html\" target=\"_blank\" rel=\"noreferrer noopener\">talento humano<\/a> y la pasi\u00f3n por el trabajo, un c\u00f3ctel que nos acompa\u00f1a cada d\u00eda<\/em><\/p>\n\n\n\n<div style=\"height:20px\" aria-hidden=\"true\" class=\"wp-block-spacer\"><\/div>\n\n\n\n<p class=\"has-medium-font-size\"><strong><a href=\"https:\/\/blog.byhours.com\/es\/category\/ceos\/\">CEOS<\/a><\/strong><\/p>\n\n\n<div class=\"wp-block-coblocks-post-carousel external\"><div class=\"coblocks-swiper swiper-container pb-8\" data-swiper=\"{&quot;slidesToScroll&quot;:1,&quot;arrow&quot;:true,&quot;slidesToShow&quot;:1,&quot;infinite&quot;:true,&quot;adaptiveHeight&quot;:false,&quot;draggable&quot;:true,&quot;rtl&quot;:false,&quot;responsive&quot;:[{&quot;breakpoint&quot;:1024,&quot;settings&quot;:{&quot;slidesToShow&quot;:3}},{&quot;breakpoint&quot;:600,&quot;settings&quot;:{&quot;slidesToShow&quot;:2}},{&quot;breakpoint&quot;:480,&quot;settings&quot;:{&quot;slidesToShow&quot;:1}}]}\"><div class=\"swiper-wrapper\" ><div class=\"wp-block-coblocks-post-carousel__item swiper-slide\"><div class=\"wp-block-coblocks-post-carousel__image\"><a href=\"https:\/\/blog.byhours.com\/es\/christian-rodriguez-nuestro-ceo-entrevistado-por-blasting-news\/\" class=\"bg-cover bg-center-center\" style=\"background-image:url(https:\/\/blog.byhours.com\/wp-content\/uploads\/2020\/11\/Byhours-_Retratos-3-scaled.jpg)\"><\/a><\/div><div class=\"wp-block-coblocks-post-carousel__content\"><time datetime=\"2020-11-04T17:42:28+02:00\" class=\"wp-block-coblocks-post-carousel__date\">04\/11\/2020<\/time><a href=\"https:\/\/blog.byhours.com\/es\/christian-rodriguez-nuestro-ceo-entrevistado-por-blasting-news\/\" alt=\"Christian Rodr\u00edguez, nuestro CEO, entrevistado por Blasting News\">Christian Rodr\u00edguez, nuestro CEO, entrevistado por Blasting News<\/a><\/div><\/div><\/div><\/div><button class=\"wp-coblocks-post-carousel-nav-button__prev\" id=\"wp-coblocks-post-carousel-swiper-prev\" style=\"visibility:hidden\" aria-label=\"Entrada anterior\" \/><button class=\"wp-coblocks-post-carousel-nav-button__next\" id=\"wp-coblocks-post-carousel-swiper-next\" style=\"visibility:hidden\" aria-label=\"Siguiente entrada\" \/><\/div>\n\n\n<div style=\"height:60px\" aria-hidden=\"true\" class=\"wp-block-spacer\"><\/div>\n\n\n\n<p class=\"has-medium-font-size\"><strong><a href=\"https:\/\/blog.byhours.com\/es\/category\/el-equipo\/\">EL EQUIPO<\/a><\/strong><\/p>\n\n\n<div class=\"wp-block-coblocks-post-carousel external\"><div class=\"coblocks-swiper swiper-container pb-8\" data-swiper=\"{&quot;slidesToScroll&quot;:1,&quot;arrow&quot;:true,&quot;slidesToShow&quot;:1,&quot;infinite&quot;:true,&quot;adaptiveHeight&quot;:false,&quot;draggable&quot;:true,&quot;rtl&quot;:false,&quot;responsive&quot;:[{&quot;breakpoint&quot;:1024,&quot;settings&quot;:{&quot;slidesToShow&quot;:3}},{&quot;breakpoint&quot;:600,&quot;settings&quot;:{&quot;slidesToShow&quot;:2}},{&quot;breakpoint&quot;:480,&quot;settings&quot;:{&quot;slidesToShow&quot;:1}}]}\"><div class=\"swiper-wrapper\" ><div class=\"wp-block-coblocks-post-carousel__item swiper-slide\"><div class=\"wp-block-coblocks-post-carousel__image\"><a href=\"https:\/\/blog.byhours.com\/es\/poder-naranja-la-magia-del-equipo-byhours\/\" class=\"bg-cover bg-center-center\" style=\"background-image:url(https:\/\/blog.byhours.com\/wp-content\/uploads\/2020\/06\/office-BYHOURS-2.jpg)\"><\/a><\/div><div class=\"wp-block-coblocks-post-carousel__content\"><time datetime=\"2020-03-17T10:26:24+02:00\" class=\"wp-block-coblocks-post-carousel__date\">17\/03\/2020<\/time><a href=\"https:\/\/blog.byhours.com\/es\/poder-naranja-la-magia-del-equipo-byhours\/\" alt=\"PODER NARANJA, LA MAGIA DEL EQUIPO BYHOURS\">PODER NARANJA, LA MAGIA DEL EQUIPO BYHOURS<\/a><\/div><\/div><\/div><\/div><button class=\"wp-coblocks-post-carousel-nav-button__prev\" id=\"wp-coblocks-post-carousel-swiper-prev\" style=\"visibility:hidden\" aria-label=\"Entrada anterior\" \/><button class=\"wp-coblocks-post-carousel-nav-button__next\" id=\"wp-coblocks-post-carousel-swiper-next\" style=\"visibility:hidden\" aria-label=\"Siguiente entrada\" \/><\/div>\n\n\n<div style=\"height:60px\" aria-hidden=\"true\" class=\"wp-block-spacer\"><\/div>\n\n\n\n<p class=\"has-medium-font-size\"><strong><a href=\"https:\/\/blog.byhours.com\/es\/category\/noticias-byhours\/\">NOTICIAS<\/a><\/strong><\/p>\n\n\n<div class=\"wp-block-coblocks-post-carousel external\"><div class=\"coblocks-swiper swiper-container pb-8\" data-swiper=\"{&quot;slidesToScroll&quot;:1,&quot;arrow&quot;:true,&quot;slidesToShow&quot;:1,&quot;infinite&quot;:true,&quot;adaptiveHeight&quot;:false,&quot;draggable&quot;:true,&quot;rtl&quot;:false,&quot;responsive&quot;:[{&quot;breakpoint&quot;:1024,&quot;settings&quot;:{&quot;slidesToShow&quot;:3}},{&quot;breakpoint&quot;:600,&quot;settings&quot;:{&quot;slidesToShow&quot;:2}},{&quot;breakpoint&quot;:480,&quot;settings&quot;:{&quot;slidesToShow&quot;:1}}]}\"><div class=\"swiper-wrapper\" ><div class=\"wp-block-coblocks-post-carousel__item swiper-slide\"><div class=\"wp-block-coblocks-post-carousel__image\"><a href=\"https:\/\/blog.byhours.com\/es\/aseguradora-y-horas-de-hotel\/\" class=\"bg-cover bg-center-center\" style=\"background-image:url(https:\/\/blog.byhours.com\/wp-content\/uploads\/2022\/05\/portada-e1653906098110.jpeg)\"><\/a><\/div><div class=\"wp-block-coblocks-post-carousel__content\"><time datetime=\"2022-05-30T12:07:05+02:00\" class=\"wp-block-coblocks-post-carousel__date\">30\/05\/2022<\/time><a href=\"https:\/\/blog.byhours.com\/es\/aseguradora-y-horas-de-hotel\/\" alt=\"Aseguradora AXA innova en el sector con BYHOURS\">Aseguradora AXA innova en el sector con BYHOURS<\/a><\/div><\/div><\/div><\/div><button class=\"wp-coblocks-post-carousel-nav-button__prev\" id=\"wp-coblocks-post-carousel-swiper-prev\" style=\"visibility:hidden\" aria-label=\"Entrada anterior\" \/><button class=\"wp-coblocks-post-carousel-nav-button__next\" id=\"wp-coblocks-post-carousel-swiper-next\" style=\"visibility:hidden\" aria-label=\"Siguiente entrada\" \/><\/div>","protected":false},"excerpt":{"rendered":"<p>El talento humano y la pasi\u00f3n por el trabajo, un c\u00f3ctel que nos acompa\u00f1a cada d\u00eda CEOS EL EQUIPO NOTICIAS<\/p>\n","protected":false},"author":1,"featured_media":0,"parent":0,"menu_order":0,"comment_status":"closed","ping_status":"closed","template":"","meta":{"_coblocks_attr":"","_coblocks_dimensions":"","_coblocks_responsive_height":"","_coblocks_accordion_ie_support":"","footnotes":""},"class_list":["post-177","page","type-page","status-publish","hentry"],"yoast_head":"<!-- This site is optimized with the Yoast SEO plugin v27.5 - https:\/\/yoast.com\/product\/yoast-seo-wordpress\/ -->\n<title>BYHOURS Team - Conoce el equipo de BYHOURS<\/title>\n<meta name=\"description\" content=\"El equipo de BYHOURS es talentoso, joven, din\u00e1mico y experimentado. Un team que pone mucha pasi\u00f3n en su trabajo para obtener el bienestar del cliente.\" \/>\n<meta name=\"robots\" content=\"index, follow, max-snippet:-1, max-image-preview:large, max-video-preview:-1\" \/>\n<link rel=\"canonical\" href=\"https:\/\/blog.byhours.com\/es\/byhours-team\/\" \/>\n<meta property=\"og:locale\" content=\"es_ES\" \/>\n<meta property=\"og:type\" content=\"article\" \/>\n<meta property=\"og:title\" content=\"BYHOURS Team - Conoce el equipo de BYHOURS\" \/>\n<meta property=\"og:description\" content=\"El equipo de BYHOURS es talentoso, joven, din\u00e1mico y experimentado. Un team que pone mucha pasi\u00f3n en su trabajo para obtener el bienestar del cliente.\" \/>\n<meta property=\"og:url\" content=\"https:\/\/blog.byhours.com\/es\/byhours-team\/\" \/>\n<meta property=\"og:site_name\" content=\"BYHOURS\" \/>\n<meta property=\"article:publisher\" content=\"https:\/\/www.facebook.com\/byhours\/\" \/>\n<meta property=\"article:modified_time\" content=\"2020-08-03T14:48:14+00:00\" \/>\n<meta name=\"twitter:card\" content=\"summary_large_image\" \/>\n<meta name=\"twitter:site\" content=\"@BYHOURS\" \/>\n<script type=\"application\/ld+json\" class=\"yoast-schema-graph\">{\"@context\":\"https:\\\/\\\/schema.org\",\"@graph\":[{\"@type\":\"WebPage\",\"@id\":\"https:\\\/\\\/blog.byhours.com\\\/es\\\/byhours-team\\\/\",\"url\":\"https:\\\/\\\/blog.byhours.com\\\/es\\\/byhours-team\\\/\",\"name\":\"BYHOURS Team - Conoce el equipo de BYHOURS\",\"isPartOf\":{\"@id\":\"https:\\\/\\\/blog.byhours.com\\\/es\\\/#website\"},\"datePublished\":\"2020-05-20T13:13:22+00:00\",\"dateModified\":\"2020-08-03T14:48:14+00:00\",\"description\":\"El equipo de BYHOURS es talentoso, joven, din\u00e1mico y experimentado. Un team que pone mucha pasi\u00f3n en su trabajo para obtener el bienestar del cliente.\",\"breadcrumb\":{\"@id\":\"https:\\\/\\\/blog.byhours.com\\\/es\\\/byhours-team\\\/#breadcrumb\"},\"inLanguage\":\"es\",\"potentialAction\":[{\"@type\":\"ReadAction\",\"target\":[\"https:\\\/\\\/blog.byhours.com\\\/es\\\/byhours-team\\\/\"]}]},{\"@type\":\"BreadcrumbList\",\"@id\":\"https:\\\/\\\/blog.byhours.com\\\/es\\\/byhours-team\\\/#breadcrumb\",\"itemListElement\":[{\"@type\":\"ListItem\",\"position\":1,\"name\":\"Home\",\"item\":\"https:\\\/\\\/blog.byhours.com\\\/es\\\/\"},{\"@type\":\"ListItem\",\"position\":2,\"name\":\"BYHOURS Team\"}]},{\"@type\":\"WebSite\",\"@id\":\"https:\\\/\\\/blog.byhours.com\\\/es\\\/#website\",\"url\":\"https:\\\/\\\/blog.byhours.com\\\/es\\\/\",\"name\":\"BYHOURS\",\"description\":\"Turn hours into great moments\",\"publisher\":{\"@id\":\"https:\\\/\\\/blog.byhours.com\\\/es\\\/#organization\"},\"potentialAction\":[{\"@type\":\"SearchAction\",\"target\":{\"@type\":\"EntryPoint\",\"urlTemplate\":\"https:\\\/\\\/blog.byhours.com\\\/es\\\/?s={search_term_string}\"},\"query-input\":{\"@type\":\"PropertyValueSpecification\",\"valueRequired\":true,\"valueName\":\"search_term_string\"}}],\"inLanguage\":\"es\"},{\"@type\":\"Organization\",\"@id\":\"https:\\\/\\\/blog.byhours.com\\\/es\\\/#organization\",\"name\":\"BYHOURS\",\"url\":\"https:\\\/\\\/blog.byhours.com\\\/es\\\/\",\"logo\":{\"@type\":\"ImageObject\",\"inLanguage\":\"es\",\"@id\":\"https:\\\/\\\/blog.byhours.com\\\/es\\\/#\\\/schema\\\/logo\\\/image\\\/\",\"url\":\"https:\\\/\\\/secureservercdn.net\\\/160.153.138.163\\\/xzd.6c8.myftpupload.com\\\/wp-content\\\/uploads\\\/2020\\\/05\\\/Logo_1200x300-1.jpg?time=1617789149\",\"contentUrl\":\"https:\\\/\\\/secureservercdn.net\\\/160.153.138.163\\\/xzd.6c8.myftpupload.com\\\/wp-content\\\/uploads\\\/2020\\\/05\\\/Logo_1200x300-1.jpg?time=1617789149\",\"width\":1200,\"height\":300,\"caption\":\"BYHOURS\"},\"image\":{\"@id\":\"https:\\\/\\\/blog.byhours.com\\\/es\\\/#\\\/schema\\\/logo\\\/image\\\/\"},\"sameAs\":[\"https:\\\/\\\/www.facebook.com\\\/byhours\\\/\",\"https:\\\/\\\/x.com\\\/BYHOURS\",\"https:\\\/\\\/www.instagram.com\\\/byhours\\\/\",\"https:\\\/\\\/www.linkedin.com\\\/company\\\/byhours-com\",\"https:\\\/\\\/www.youtube.com\\\/user\\\/ByHoursTV\"]}]}<\/script>\n<!-- \/ Yoast SEO plugin. -->","yoast_head_json":{"title":"BYHOURS Team - Conoce el equipo de BYHOURS","description":"El equipo de BYHOURS es talentoso, joven, din\u00e1mico y experimentado. Un team que pone mucha pasi\u00f3n en su trabajo para obtener el bienestar del cliente.","robots":{"index":"index","follow":"follow","max-snippet":"max-snippet:-1","max-image-preview":"max-image-preview:large","max-video-preview":"max-video-preview:-1"},"canonical":"https:\/\/blog.byhours.com\/es\/byhours-team\/","og_locale":"es_ES","og_type":"article","og_title":"BYHOURS Team - Conoce el equipo de BYHOURS","og_description":"El equipo de BYHOURS es talentoso, joven, din\u00e1mico y experimentado. Un team que pone mucha pasi\u00f3n en su trabajo para obtener el bienestar del cliente.","og_url":"https:\/\/blog.byhours.com\/es\/byhours-team\/","og_site_name":"BYHOURS","article_publisher":"https:\/\/www.facebook.com\/byhours\/","article_modified_time":"2020-08-03T14:48:14+00:00","twitter_card":"summary_large_image","twitter_site":"@BYHOURS","schema":{"@context":"https:\/\/schema.org","@graph":[{"@type":"WebPage","@id":"https:\/\/blog.byhours.com\/es\/byhours-team\/","url":"https:\/\/blog.byhours.com\/es\/byhours-team\/","name":"BYHOURS Team - Conoce el equipo de BYHOURS","isPartOf":{"@id":"https:\/\/blog.byhours.com\/es\/#website"},"datePublished":"2020-05-20T13:13:22+00:00","dateModified":"2020-08-03T14:48:14+00:00","description":"El equipo de BYHOURS es talentoso, joven, din\u00e1mico y experimentado. Un team que pone mucha pasi\u00f3n en su trabajo para obtener el bienestar del cliente.","breadcrumb":{"@id":"https:\/\/blog.byhours.com\/es\/byhours-team\/#breadcrumb"},"inLanguage":"es","potentialAction":[{"@type":"ReadAction","target":["https:\/\/blog.byhours.com\/es\/byhours-team\/"]}]},{"@type":"BreadcrumbList","@id":"https:\/\/blog.byhours.com\/es\/byhours-team\/#breadcrumb","itemListElement":[{"@type":"ListItem","position":1,"name":"Home","item":"https:\/\/blog.byhours.com\/es\/"},{"@type":"ListItem","position":2,"name":"BYHOURS Team"}]},{"@type":"WebSite","@id":"https:\/\/blog.byhours.com\/es\/#website","url":"https:\/\/blog.byhours.com\/es\/","name":"BYHOURS","description":"Turn hours into great moments","publisher":{"@id":"https:\/\/blog.byhours.com\/es\/#organization"},"potentialAction":[{"@type":"SearchAction","target":{"@type":"EntryPoint","urlTemplate":"https:\/\/blog.byhours.com\/es\/?s={search_term_string}"},"query-input":{"@type":"PropertyValueSpecification","valueRequired":true,"valueName":"search_term_string"}}],"inLanguage":"es"},{"@type":"Organization","@id":"https:\/\/blog.byhours.com\/es\/#organization","name":"BYHOURS","url":"https:\/\/blog.byhours.com\/es\/","logo":{"@type":"ImageObject","inLanguage":"es","@id":"https:\/\/blog.byhours.com\/es\/#\/schema\/logo\/image\/","url":"https:\/\/secureservercdn.net\/160.153.138.163\/xzd.6c8.myftpupload.com\/wp-content\/uploads\/2020\/05\/Logo_1200x300-1.jpg?time=1617789149","contentUrl":"https:\/\/secureservercdn.net\/160.153.138.163\/xzd.6c8.myftpupload.com\/wp-content\/uploads\/2020\/05\/Logo_1200x300-1.jpg?time=1617789149","width":1200,"height":300,"caption":"BYHOURS"},"image":{"@id":"https:\/\/blog.byhours.com\/es\/#\/schema\/logo\/image\/"},"sameAs":["https:\/\/www.facebook.com\/byhours\/","https:\/\/x.com\/BYHOURS","https:\/\/www.instagram.com\/byhours\/","https:\/\/www.linkedin.com\/company\/byhours-com","https:\/\/www.youtube.com\/user\/ByHoursTV"]}]}},"jetpack_sharing_enabled":true,"amp_enabled":true,"_links":{"self":[{"href":"https:\/\/blog.byhours.com\/es\/wp-json\/wp\/v2\/pages\/177","targetHints":{"allow":["GET"]}}],"collection":[{"href":"https:\/\/blog.byhours.com\/es\/wp-json\/wp\/v2\/pages"}],"about":[{"href":"https:\/\/blog.byhours.com\/es\/wp-json\/wp\/v2\/types\/page"}],"author":[{"embeddable":true,"href":"https:\/\/blog.byhours.com\/es\/wp-json\/wp\/v2\/users\/1"}],"replies":[{"embeddable":true,"href":"https:\/\/blog.byhours.com\/es\/wp-json\/wp\/v2\/comments?post=177"}],"version-history":[{"count":18,"href":"https:\/\/blog.byhours.com\/es\/wp-json\/wp\/v2\/pages\/177\/revisions"}],"predecessor-version":[{"id":1278,"href":"https:\/\/blog.byhours.com\/es\/wp-json\/wp\/v2\/pages\/177\/revisions\/1278"}],"wp:attachment":[{"href":"https:\/\/blog.byhours.com\/es\/wp-json\/wp\/v2\/media?parent=177"}],"curies":[{"name":"wp","href":"https:\/\/api.w.org\/{rel}","templated":true}]}}